{"id":18,"date":"2022-01-05T10:12:17","date_gmt":"2022-01-05T10:12:17","guid":{"rendered":"https:\/\/word-clock.com\/?page_id=18"},"modified":"2025-11-05T02:40:41","modified_gmt":"2025-11-05T01:40:41","slug":"for-companies","status":"publish","type":"page","link":"https:\/\/word-clock.com\/en\/for-companies\/","title":{"rendered":"Contact for businesses"},"content":{"rendered":"<p>We&#8217;re glad you found us!<\/p>\n<p>We\u2019re excited about your interest in becoming a retail partner with build-yours.de. If you have an exciting collaboration idea, feel free to reach out to us directly.<\/p>\n<p>What We Offer<\/p>\n<p>We provide special terms for businesses \u2013 including volume discounts, reseller pricing, and even reduced rates if you display our clock in places like your waiting room, office or any business location.<\/p>\n<p>If you have any questions, we&#8217;re always happy to help.<\/p>\n<p>Get in Touch<\/p>\n<p>Email: service@build-yours.de<\/p>\n","protected":false},"excerpt":{"rendered":"<p>We&#8217;re glad you found us! We\u2019re excited about your interest in becoming a retail partner with build-yours.de. If you have an exciting collaboration idea, feel free to reach out to [&hellip;]<\/p>\n","protected":false},"author":4,"featured_media":0,"parent":0,"menu_order":0,"comment_status":"closed","ping_status":"closed","template":"","meta":{"footnotes":""},"class_list":["post-18","page","type-page","status-publish","hentry"],"translation":{"provider":"WPGlobus","version":"3.0.0","language":"en","enabled_languages":["de","en"],"languages":{"de":{"title":true,"content":true,"excerpt":false},"en":{"title":true,"content":true,"excerpt":false}}},"acf":[],"yoast_head":"<!-- This site is optimized with the Yoast SEO plugin v21.0 - https:\/\/yoast.com\/wordpress\/plugins\/seo\/ -->\n<title>Business Partners| WordClock - Volume Discounts &amp; Benefits<\/title>\n<meta name=\"description\" content=\"Become a business partner for WordClock products. Volume discounts and special conditions for companies, offices and commercial spaces.\" \/>\n<meta name=\"robots\" content=\"index, follow, max-snippet:-1, max-image-preview:large, max-video-preview:-1\" \/>\n<link rel=\"canonical\" href=\"https:\/\/word-clock.com\/for-companies\/\" \/>\n<meta property=\"og:locale\" content=\"en_US\" \/>\n<meta property=\"og:type\" content=\"article\" \/>\n<meta property=\"og:title\" content=\"Business Partners| WordClock - Volume Discounts &amp; Benefits\" \/>\n<meta property=\"og:description\" content=\"Become a business partner for WordClock products. Volume discounts and special conditions for companies, offices and commercial spaces.\" \/>\n<meta property=\"og:url\" content=\"https:\/\/word-clock.com\/for-companies\/\" \/>\n<meta property=\"og:site_name\" content=\"WordClock Onlineshop\" \/>\n<meta property=\"article:modified_time\" content=\"2025-11-05T01:40:41+00:00\" \/>\n<meta property=\"og:image\" content=\"https:\/\/word-clock.com\/wp-content\/uploads\/2022\/03\/contact_person.png\" \/>\n<meta name=\"twitter:card\" content=\"summary_large_image\" \/>\n<meta name=\"twitter:label1\" content=\"Est. reading time\" \/>\n\t<meta name=\"twitter:data1\" content=\"1 minute\" \/>\n<script type=\"application\/ld+json\" class=\"yoast-schema-graph\">{\"@context\":\"https:\/\/schema.org\",\"@graph\":[{\"@type\":\"WebPage\",\"@id\":\"https:\/\/word-clock.com\/for-companies\/\",\"url\":\"https:\/\/word-clock.com\/for-companies\/\",\"name\":\"Gesch\u00e4ftspartner | WordClock - Mengenrabatte & Vorteile\",\"isPartOf\":{\"@id\":\"https:\/\/word-clock.com\/#website\"},\"datePublished\":\"2022-01-05T10:12:17+00:00\",\"dateModified\":\"2025-11-05T01:40:41+00:00\",\"description\":\"Werden Sie Gesch\u00e4ftspartner f\u00fcr WordClock Produkte. Mengenrabatte und Sonderkonditionen f\u00fcr Unternehmen, Praxen und Gesch\u00e4ftsr\u00e4ume.\",\"breadcrumb\":{\"@id\":\"https:\/\/word-clock.com\/for-companies\/#breadcrumb\"},\"inLanguage\":\"en-US\",\"potentialAction\":[{\"@type\":\"ReadAction\",\"target\":[\"https:\/\/word-clock.com\/for-companies\/\"]}]},{\"@type\":\"BreadcrumbList\",\"@id\":\"https:\/\/word-clock.com\/for-companies\/#breadcrumb\",\"itemListElement\":[{\"@type\":\"ListItem\",\"position\":1,\"name\":\"Startseite\",\"item\":\"https:\/\/word-clock.com\/\"},{\"@type\":\"ListItem\",\"position\":2,\"name\":\"F\u00fcr Unternehmen\"}]},{\"@type\":\"WebSite\",\"@id\":\"https:\/\/word-clock.com\/#website\",\"url\":\"https:\/\/word-clock.com\/\",\"name\":\"WordClock Onlineshop\",\"description\":\"Das neueste Angebot findest du hier!\",\"publisher\":{\"@id\":\"https:\/\/word-clock.com\/#organization\"},\"potentialAction\":[{\"@type\":\"SearchAction\",\"target\":{\"@type\":\"EntryPoint\",\"urlTemplate\":\"https:\/\/word-clock.com\/?s={search_term_string}\"},\"query-input\":\"required name=search_term_string\"}],\"inLanguage\":\"en-US\"},{\"@type\":\"Organization\",\"@id\":\"https:\/\/word-clock.com\/#organization\",\"name\":\"build-yours.de\",\"url\":\"https:\/\/word-clock.com\/\",\"logo\":{\"@type\":\"ImageObject\",\"inLanguage\":\"en-US\",\"@id\":\"https:\/\/word-clock.com\/#\/schema\/logo\/image\/\",\"url\":\"https:\/\/word-clock.com\/wp-content\/uploads\/2023\/01\/LogoWordClock.png\",\"contentUrl\":\"https:\/\/word-clock.com\/wp-content\/uploads\/2023\/01\/LogoWordClock.png\",\"width\":400,\"height\":162,\"caption\":\"build-yours.de\"},\"image\":{\"@id\":\"https:\/\/word-clock.com\/#\/schema\/logo\/image\/\"}}]}<\/script>\n<!-- \/ Yoast SEO plugin. -->","yoast_head_json":{"title":"Business Partners| WordClock - Volume Discounts & Benefits","description":"Become a business partner for WordClock products. Volume discounts and special conditions for companies, offices and commercial spaces.","robots":{"index":"index","follow":"follow","max-snippet":"max-snippet:-1","max-image-preview":"max-image-preview:large","max-video-preview":"max-video-preview:-1"},"canonical":"https:\/\/word-clock.com\/for-companies\/","og_locale":"en_US","og_type":"article","og_title":"Business Partners| WordClock - Volume Discounts & Benefits","og_description":"Become a business partner for WordClock products. Volume discounts and special conditions for companies, offices and commercial spaces.","og_url":"https:\/\/word-clock.com\/for-companies\/","og_site_name":"WordClock Onlineshop","article_modified_time":"2025-11-05T01:40:41+00:00","og_image":[{"url":"https:\/\/word-clock.com\/wp-content\/uploads\/2022\/03\/contact_person.png"}],"twitter_card":"summary_large_image","twitter_misc":{"Est. reading time":"1 minute"},"schema":{"@context":"https:\/\/schema.org","@graph":[{"@type":"WebPage","@id":"https:\/\/word-clock.com\/for-companies\/","url":"https:\/\/word-clock.com\/for-companies\/","name":"Gesch\u00e4ftspartner | WordClock - Mengenrabatte & Vorteile","isPartOf":{"@id":"https:\/\/word-clock.com\/#website"},"datePublished":"2022-01-05T10:12:17+00:00","dateModified":"2025-11-05T01:40:41+00:00","description":"Werden Sie Gesch\u00e4ftspartner f\u00fcr WordClock Produkte. Mengenrabatte und Sonderkonditionen f\u00fcr Unternehmen, Praxen und Gesch\u00e4ftsr\u00e4ume.","breadcrumb":{"@id":"https:\/\/word-clock.com\/for-companies\/#breadcrumb"},"inLanguage":"en-US","potentialAction":[{"@type":"ReadAction","target":["https:\/\/word-clock.com\/for-companies\/"]}]},{"@type":"BreadcrumbList","@id":"https:\/\/word-clock.com\/for-companies\/#breadcrumb","itemListElement":[{"@type":"ListItem","position":1,"name":"Startseite","item":"https:\/\/word-clock.com\/"},{"@type":"ListItem","position":2,"name":"F\u00fcr Unternehmen"}]},{"@type":"WebSite","@id":"https:\/\/word-clock.com\/#website","url":"https:\/\/word-clock.com\/","name":"WordClock Onlineshop","description":"Das neueste Angebot findest du hier!","publisher":{"@id":"https:\/\/word-clock.com\/#organization"},"potentialAction":[{"@type":"SearchAction","target":{"@type":"EntryPoint","urlTemplate":"https:\/\/word-clock.com\/?s={search_term_string}"},"query-input":"required name=search_term_string"}],"inLanguage":"en-US"},{"@type":"Organization","@id":"https:\/\/word-clock.com\/#organization","name":"build-yours.de","url":"https:\/\/word-clock.com\/","logo":{"@type":"ImageObject","inLanguage":"en-US","@id":"https:\/\/word-clock.com\/#\/schema\/logo\/image\/","url":"https:\/\/word-clock.com\/wp-content\/uploads\/2023\/01\/LogoWordClock.png","contentUrl":"https:\/\/word-clock.com\/wp-content\/uploads\/2023\/01\/LogoWordClock.png","width":400,"height":162,"caption":"build-yours.de"},"image":{"@id":"https:\/\/word-clock.com\/#\/schema\/logo\/image\/"}}]}},"_links":{"self":[{"href":"https:\/\/word-clock.com\/en\/wp-json\/wp\/v2\/pages\/18","targetHints":{"allow":["GET"]}}],"collection":[{"href":"https:\/\/word-clock.com\/en\/wp-json\/wp\/v2\/pages"}],"about":[{"href":"https:\/\/word-clock.com\/en\/wp-json\/wp\/v2\/types\/page"}],"author":[{"embeddable":true,"href":"https:\/\/word-clock.com\/en\/wp-json\/wp\/v2\/users\/4"}],"replies":[{"embeddable":true,"href":"https:\/\/word-clock.com\/en\/wp-json\/wp\/v2\/comments?post=18"}],"version-history":[{"count":5,"href":"https:\/\/word-clock.com\/en\/wp-json\/wp\/v2\/pages\/18\/revisions"}],"predecessor-version":[{"id":10981,"href":"https:\/\/word-clock.com\/en\/wp-json\/wp\/v2\/pages\/18\/revisions\/10981"}],"wp:attachment":[{"href":"https:\/\/word-clock.com\/en\/wp-json\/wp\/v2\/media?parent=18"}],"curies":[{"name":"wp","href":"https:\/\/api.w.org\/{rel}","templated":true}]}}